{"id":904,"date":"2025-07-07T12:26:09","date_gmt":"2025-07-07T10:26:09","guid":{"rendered":"https:\/\/www.truckmaster.lt\/?page_id=904"},"modified":"2025-08-13T05:58:13","modified_gmt":"2025-08-13T03:58:13","slug":"services-de-tachygraphie","status":"publish","type":"page","link":"https:\/\/www.truckmaster.lt\/fr\/services-de-tachygraphie\/","title":{"rendered":"Services de tachygraphie"},"content":{"rendered":"","protected":false},"excerpt":{"rendered":"","protected":false},"author":2,"featured_media":0,"parent":0,"menu_order":0,"comment_status":"closed","ping_status":"closed","template":"","meta":{"footnotes":""},"class_list":["post-904","page","type-page","status-publish","hentry"],"yoast_head":"<!-- This site is optimized with the Yoast SEO plugin v27.3 - https:\/\/yoast.com\/product\/yoast-seo-wordpress\/ -->\n<title>Inspection et \u00e9talonnage de tachygraphes | TruckMaster<\/title>\n<meta name=\"description\" content=\"Inspectez et \u00e9talonnez vos tachygraphes de 4\u00e8me g\u00e9n\u00e9ration \u00e0 Marijampol\u0117. Assurez-vous de la conformit\u00e9 aux exigences de l&#039;UE avec TruckMaster. Visitez-nous !\" \/>\n<meta name=\"robots\" content=\"index, follow, max-snippet:-1, max-image-preview:large, max-video-preview:-1\" \/>\n<link rel=\"canonical\" href=\"https:\/\/www.truckmaster.lt\/fr\/services-de-tachygraphie\/\" \/>\n<meta property=\"og:locale\" content=\"fr_FR\" \/>\n<meta property=\"og:type\" content=\"article\" \/>\n<meta property=\"og:title\" content=\"Inspection et \u00e9talonnage de tachygraphes | TruckMaster\" \/>\n<meta property=\"og:description\" content=\"Inspectez et \u00e9talonnez vos tachygraphes de 4\u00e8me g\u00e9n\u00e9ration \u00e0 Marijampol\u0117. Assurez-vous de la conformit\u00e9 aux exigences de l&#039;UE avec TruckMaster. Visitez-nous !\" \/>\n<meta property=\"og:url\" content=\"https:\/\/www.truckmaster.lt\/fr\/services-de-tachygraphie\/\" \/>\n<meta property=\"og:site_name\" content=\"Truck Master\" \/>\n<meta property=\"article:publisher\" content=\"https:\/\/www.facebook.com\/truckmaster.lt\" \/>\n<meta property=\"article:modified_time\" content=\"2025-08-13T03:58:13+00:00\" \/>\n<meta name=\"twitter:card\" content=\"summary_large_image\" \/>\n<script type=\"application\/ld+json\" class=\"yoast-schema-graph\">{\"@context\":\"https:\\\/\\\/schema.org\",\"@graph\":[{\"@type\":\"WebPage\",\"@id\":\"https:\\\/\\\/www.truckmaster.lt\\\/fr\\\/services-de-tachygraphie\\\/\",\"url\":\"https:\\\/\\\/www.truckmaster.lt\\\/fr\\\/services-de-tachygraphie\\\/\",\"name\":\"Inspection et \u00e9talonnage de tachygraphes | TruckMaster\",\"isPartOf\":{\"@id\":\"https:\\\/\\\/www.truckmaster.lt\\\/fr\\\/#website\"},\"datePublished\":\"2025-07-07T10:26:09+00:00\",\"dateModified\":\"2025-08-13T03:58:13+00:00\",\"description\":\"Inspectez et \u00e9talonnez vos tachygraphes de 4\u00e8me g\u00e9n\u00e9ration \u00e0 Marijampol\u0117. Assurez-vous de la conformit\u00e9 aux exigences de l'UE avec TruckMaster. Visitez-nous !\",\"breadcrumb\":{\"@id\":\"https:\\\/\\\/www.truckmaster.lt\\\/fr\\\/services-de-tachygraphie\\\/#breadcrumb\"},\"inLanguage\":\"fr-FR\",\"potentialAction\":[{\"@type\":\"ReadAction\",\"target\":[\"https:\\\/\\\/www.truckmaster.lt\\\/fr\\\/services-de-tachygraphie\\\/\"]}]},{\"@type\":\"BreadcrumbList\",\"@id\":\"https:\\\/\\\/www.truckmaster.lt\\\/fr\\\/services-de-tachygraphie\\\/#breadcrumb\",\"itemListElement\":[{\"@type\":\"ListItem\",\"position\":1,\"name\":\"Home\",\"item\":\"https:\\\/\\\/www.truckmaster.lt\\\/fr\\\/\"},{\"@type\":\"ListItem\",\"position\":2,\"name\":\"Services de tachygraphie\"}]},{\"@type\":\"WebSite\",\"@id\":\"https:\\\/\\\/www.truckmaster.lt\\\/fr\\\/#website\",\"url\":\"https:\\\/\\\/www.truckmaster.lt\\\/fr\\\/\",\"name\":\"Truck Master\",\"description\":\"Service de camion\",\"publisher\":{\"@id\":\"https:\\\/\\\/www.truckmaster.lt\\\/fr\\\/#organization\"},\"potentialAction\":[{\"@type\":\"SearchAction\",\"target\":{\"@type\":\"EntryPoint\",\"urlTemplate\":\"https:\\\/\\\/www.truckmaster.lt\\\/fr\\\/?s={search_term_string}\"},\"query-input\":{\"@type\":\"PropertyValueSpecification\",\"valueRequired\":true,\"valueName\":\"search_term_string\"}}],\"inLanguage\":\"fr-FR\"},{\"@type\":\"Organization\",\"@id\":\"https:\\\/\\\/www.truckmaster.lt\\\/fr\\\/#organization\",\"name\":\"Truck Master\",\"url\":\"https:\\\/\\\/www.truckmaster.lt\\\/fr\\\/\",\"logo\":{\"@type\":\"ImageObject\",\"inLanguage\":\"fr-FR\",\"@id\":\"https:\\\/\\\/www.truckmaster.lt\\\/fr\\\/#\\\/schema\\\/logo\\\/image\\\/\",\"url\":\"https:\\\/\\\/www.truckmaster.lt\\\/wp-content\\\/uploads\\\/2024\\\/10\\\/cropped-TruckMaster_Logo.png\",\"contentUrl\":\"https:\\\/\\\/www.truckmaster.lt\\\/wp-content\\\/uploads\\\/2024\\\/10\\\/cropped-TruckMaster_Logo.png\",\"width\":308,\"height\":68,\"caption\":\"Truck Master\"},\"image\":{\"@id\":\"https:\\\/\\\/www.truckmaster.lt\\\/fr\\\/#\\\/schema\\\/logo\\\/image\\\/\"},\"sameAs\":[\"https:\\\/\\\/www.facebook.com\\\/truckmaster.lt\"]}]}<\/script>\n<!-- \/ Yoast SEO plugin. -->","yoast_head_json":{"title":"Inspection et \u00e9talonnage de tachygraphes | TruckMaster","description":"Inspectez et \u00e9talonnez vos tachygraphes de 4\u00e8me g\u00e9n\u00e9ration \u00e0 Marijampol\u0117. Assurez-vous de la conformit\u00e9 aux exigences de l'UE avec TruckMaster. Visitez-nous !","robots":{"index":"index","follow":"follow","max-snippet":"max-snippet:-1","max-image-preview":"max-image-preview:large","max-video-preview":"max-video-preview:-1"},"canonical":"https:\/\/www.truckmaster.lt\/fr\/services-de-tachygraphie\/","og_locale":"fr_FR","og_type":"article","og_title":"Inspection et \u00e9talonnage de tachygraphes | TruckMaster","og_description":"Inspectez et \u00e9talonnez vos tachygraphes de 4\u00e8me g\u00e9n\u00e9ration \u00e0 Marijampol\u0117. Assurez-vous de la conformit\u00e9 aux exigences de l'UE avec TruckMaster. Visitez-nous !","og_url":"https:\/\/www.truckmaster.lt\/fr\/services-de-tachygraphie\/","og_site_name":"Truck Master","article_publisher":"https:\/\/www.facebook.com\/truckmaster.lt","article_modified_time":"2025-08-13T03:58:13+00:00","twitter_card":"summary_large_image","schema":{"@context":"https:\/\/schema.org","@graph":[{"@type":"WebPage","@id":"https:\/\/www.truckmaster.lt\/fr\/services-de-tachygraphie\/","url":"https:\/\/www.truckmaster.lt\/fr\/services-de-tachygraphie\/","name":"Inspection et \u00e9talonnage de tachygraphes | TruckMaster","isPartOf":{"@id":"https:\/\/www.truckmaster.lt\/fr\/#website"},"datePublished":"2025-07-07T10:26:09+00:00","dateModified":"2025-08-13T03:58:13+00:00","description":"Inspectez et \u00e9talonnez vos tachygraphes de 4\u00e8me g\u00e9n\u00e9ration \u00e0 Marijampol\u0117. Assurez-vous de la conformit\u00e9 aux exigences de l'UE avec TruckMaster. Visitez-nous !","breadcrumb":{"@id":"https:\/\/www.truckmaster.lt\/fr\/services-de-tachygraphie\/#breadcrumb"},"inLanguage":"fr-FR","potentialAction":[{"@type":"ReadAction","target":["https:\/\/www.truckmaster.lt\/fr\/services-de-tachygraphie\/"]}]},{"@type":"BreadcrumbList","@id":"https:\/\/www.truckmaster.lt\/fr\/services-de-tachygraphie\/#breadcrumb","itemListElement":[{"@type":"ListItem","position":1,"name":"Home","item":"https:\/\/www.truckmaster.lt\/fr\/"},{"@type":"ListItem","position":2,"name":"Services de tachygraphie"}]},{"@type":"WebSite","@id":"https:\/\/www.truckmaster.lt\/fr\/#website","url":"https:\/\/www.truckmaster.lt\/fr\/","name":"Truck Master","description":"Service de camion","publisher":{"@id":"https:\/\/www.truckmaster.lt\/fr\/#organization"},"potentialAction":[{"@type":"SearchAction","target":{"@type":"EntryPoint","urlTemplate":"https:\/\/www.truckmaster.lt\/fr\/?s={search_term_string}"},"query-input":{"@type":"PropertyValueSpecification","valueRequired":true,"valueName":"search_term_string"}}],"inLanguage":"fr-FR"},{"@type":"Organization","@id":"https:\/\/www.truckmaster.lt\/fr\/#organization","name":"Truck Master","url":"https:\/\/www.truckmaster.lt\/fr\/","logo":{"@type":"ImageObject","inLanguage":"fr-FR","@id":"https:\/\/www.truckmaster.lt\/fr\/#\/schema\/logo\/image\/","url":"https:\/\/www.truckmaster.lt\/wp-content\/uploads\/2024\/10\/cropped-TruckMaster_Logo.png","contentUrl":"https:\/\/www.truckmaster.lt\/wp-content\/uploads\/2024\/10\/cropped-TruckMaster_Logo.png","width":308,"height":68,"caption":"Truck Master"},"image":{"@id":"https:\/\/www.truckmaster.lt\/fr\/#\/schema\/logo\/image\/"},"sameAs":["https:\/\/www.facebook.com\/truckmaster.lt"]}]}},"_links":{"self":[{"href":"https:\/\/www.truckmaster.lt\/fr\/wp-json\/wp\/v2\/pages\/904","targetHints":{"allow":["GET"]}}],"collection":[{"href":"https:\/\/www.truckmaster.lt\/fr\/wp-json\/wp\/v2\/pages"}],"about":[{"href":"https:\/\/www.truckmaster.lt\/fr\/wp-json\/wp\/v2\/types\/page"}],"author":[{"embeddable":true,"href":"https:\/\/www.truckmaster.lt\/fr\/wp-json\/wp\/v2\/users\/2"}],"replies":[{"embeddable":true,"href":"https:\/\/www.truckmaster.lt\/fr\/wp-json\/wp\/v2\/comments?post=904"}],"version-history":[{"count":1,"href":"https:\/\/www.truckmaster.lt\/fr\/wp-json\/wp\/v2\/pages\/904\/revisions"}],"predecessor-version":[{"id":905,"href":"https:\/\/www.truckmaster.lt\/fr\/wp-json\/wp\/v2\/pages\/904\/revisions\/905"}],"wp:attachment":[{"href":"https:\/\/www.truckmaster.lt\/fr\/wp-json\/wp\/v2\/media?parent=904"}],"curies":[{"name":"wp","href":"https:\/\/api.w.org\/{rel}","templated":true}]}}