{"id":914,"date":"2025-07-07T13:16:47","date_gmt":"2025-07-07T11:16:47","guid":{"rendered":"https:\/\/www.truckmaster.lt\/?page_id=914"},"modified":"2025-08-13T05:55:14","modified_gmt":"2025-08-13T03:55:14","slug":"lkw-waschanlage","status":"publish","type":"page","link":"https:\/\/www.truckmaster.lt\/de\/lkw-waschanlage\/","title":{"rendered":"LKW Waschanlage"},"content":{"rendered":"","protected":false},"excerpt":{"rendered":"","protected":false},"author":2,"featured_media":0,"parent":0,"menu_order":0,"comment_status":"closed","ping_status":"closed","template":"","meta":{"footnotes":""},"class_list":["post-914","page","type-page","status-publish","hentry"],"yoast_head":"<!-- This site is optimized with the Yoast SEO plugin v27.3 - https:\/\/yoast.com\/product\/yoast-seo-wordpress\/ -->\n<title>Computerdiagnose f\u00fcr Lastwagen | TruckMaster<\/title>\n<meta name=\"description\" content=\"Pr\u00e4zise Diagnose elektronischer Systeme mit fortschrittlicher Ausr\u00fcstung. Schnelle Fehlererkennung und effiziente Fehlersuche. Besuchen Sie uns!\" \/>\n<meta name=\"robots\" content=\"index, follow, max-snippet:-1, max-image-preview:large, max-video-preview:-1\" \/>\n<link rel=\"canonical\" href=\"https:\/\/www.truckmaster.lt\/de\/lkw-waschanlage\/\" \/>\n<meta property=\"og:locale\" content=\"de_DE\" \/>\n<meta property=\"og:type\" content=\"article\" \/>\n<meta property=\"og:title\" content=\"Computerdiagnose f\u00fcr Lastwagen | TruckMaster\" \/>\n<meta property=\"og:description\" content=\"Pr\u00e4zise Diagnose elektronischer Systeme mit fortschrittlicher Ausr\u00fcstung. Schnelle Fehlererkennung und effiziente Fehlersuche. Besuchen Sie uns!\" \/>\n<meta property=\"og:url\" content=\"https:\/\/www.truckmaster.lt\/de\/lkw-waschanlage\/\" \/>\n<meta property=\"og:site_name\" content=\"Truck Master\" \/>\n<meta property=\"article:publisher\" content=\"https:\/\/www.facebook.com\/truckmaster.lt\" \/>\n<meta property=\"article:modified_time\" content=\"2025-08-13T03:55:14+00:00\" \/>\n<meta name=\"twitter:card\" content=\"summary_large_image\" \/>\n<script type=\"application\/ld+json\" class=\"yoast-schema-graph\">{\"@context\":\"https:\\\/\\\/schema.org\",\"@graph\":[{\"@type\":\"WebPage\",\"@id\":\"https:\\\/\\\/www.truckmaster.lt\\\/de\\\/lkw-waschanlage\\\/\",\"url\":\"https:\\\/\\\/www.truckmaster.lt\\\/de\\\/lkw-waschanlage\\\/\",\"name\":\"Computerdiagnose f\u00fcr Lastwagen | TruckMaster\",\"isPartOf\":{\"@id\":\"https:\\\/\\\/www.truckmaster.lt\\\/de\\\/#website\"},\"datePublished\":\"2025-07-07T11:16:47+00:00\",\"dateModified\":\"2025-08-13T03:55:14+00:00\",\"description\":\"Pr\u00e4zise Diagnose elektronischer Systeme mit fortschrittlicher Ausr\u00fcstung. Schnelle Fehlererkennung und effiziente Fehlersuche. Besuchen Sie uns!\",\"breadcrumb\":{\"@id\":\"https:\\\/\\\/www.truckmaster.lt\\\/de\\\/lkw-waschanlage\\\/#breadcrumb\"},\"inLanguage\":\"de\",\"potentialAction\":[{\"@type\":\"ReadAction\",\"target\":[\"https:\\\/\\\/www.truckmaster.lt\\\/de\\\/lkw-waschanlage\\\/\"]}]},{\"@type\":\"BreadcrumbList\",\"@id\":\"https:\\\/\\\/www.truckmaster.lt\\\/de\\\/lkw-waschanlage\\\/#breadcrumb\",\"itemListElement\":[{\"@type\":\"ListItem\",\"position\":1,\"name\":\"Home\",\"item\":\"https:\\\/\\\/www.truckmaster.lt\\\/de\\\/\"},{\"@type\":\"ListItem\",\"position\":2,\"name\":\"LKW Waschanlage\"}]},{\"@type\":\"WebSite\",\"@id\":\"https:\\\/\\\/www.truckmaster.lt\\\/de\\\/#website\",\"url\":\"https:\\\/\\\/www.truckmaster.lt\\\/de\\\/\",\"name\":\"Truck Master\",\"description\":\"LKW service\",\"publisher\":{\"@id\":\"https:\\\/\\\/www.truckmaster.lt\\\/de\\\/#organization\"},\"potentialAction\":[{\"@type\":\"SearchAction\",\"target\":{\"@type\":\"EntryPoint\",\"urlTemplate\":\"https:\\\/\\\/www.truckmaster.lt\\\/de\\\/?s={search_term_string}\"},\"query-input\":{\"@type\":\"PropertyValueSpecification\",\"valueRequired\":true,\"valueName\":\"search_term_string\"}}],\"inLanguage\":\"de\"},{\"@type\":\"Organization\",\"@id\":\"https:\\\/\\\/www.truckmaster.lt\\\/de\\\/#organization\",\"name\":\"Truck Master\",\"url\":\"https:\\\/\\\/www.truckmaster.lt\\\/de\\\/\",\"logo\":{\"@type\":\"ImageObject\",\"inLanguage\":\"de\",\"@id\":\"https:\\\/\\\/www.truckmaster.lt\\\/de\\\/#\\\/schema\\\/logo\\\/image\\\/\",\"url\":\"https:\\\/\\\/www.truckmaster.lt\\\/wp-content\\\/uploads\\\/2024\\\/10\\\/cropped-TruckMaster_Logo.png\",\"contentUrl\":\"https:\\\/\\\/www.truckmaster.lt\\\/wp-content\\\/uploads\\\/2024\\\/10\\\/cropped-TruckMaster_Logo.png\",\"width\":308,\"height\":68,\"caption\":\"Truck Master\"},\"image\":{\"@id\":\"https:\\\/\\\/www.truckmaster.lt\\\/de\\\/#\\\/schema\\\/logo\\\/image\\\/\"},\"sameAs\":[\"https:\\\/\\\/www.facebook.com\\\/truckmaster.lt\"]}]}<\/script>\n<!-- \/ Yoast SEO plugin. -->","yoast_head_json":{"title":"Computerdiagnose f\u00fcr Lastwagen | TruckMaster","description":"Pr\u00e4zise Diagnose elektronischer Systeme mit fortschrittlicher Ausr\u00fcstung. Schnelle Fehlererkennung und effiziente Fehlersuche. Besuchen Sie uns!","robots":{"index":"index","follow":"follow","max-snippet":"max-snippet:-1","max-image-preview":"max-image-preview:large","max-video-preview":"max-video-preview:-1"},"canonical":"https:\/\/www.truckmaster.lt\/de\/lkw-waschanlage\/","og_locale":"de_DE","og_type":"article","og_title":"Computerdiagnose f\u00fcr Lastwagen | TruckMaster","og_description":"Pr\u00e4zise Diagnose elektronischer Systeme mit fortschrittlicher Ausr\u00fcstung. Schnelle Fehlererkennung und effiziente Fehlersuche. Besuchen Sie uns!","og_url":"https:\/\/www.truckmaster.lt\/de\/lkw-waschanlage\/","og_site_name":"Truck Master","article_publisher":"https:\/\/www.facebook.com\/truckmaster.lt","article_modified_time":"2025-08-13T03:55:14+00:00","twitter_card":"summary_large_image","schema":{"@context":"https:\/\/schema.org","@graph":[{"@type":"WebPage","@id":"https:\/\/www.truckmaster.lt\/de\/lkw-waschanlage\/","url":"https:\/\/www.truckmaster.lt\/de\/lkw-waschanlage\/","name":"Computerdiagnose f\u00fcr Lastwagen | TruckMaster","isPartOf":{"@id":"https:\/\/www.truckmaster.lt\/de\/#website"},"datePublished":"2025-07-07T11:16:47+00:00","dateModified":"2025-08-13T03:55:14+00:00","description":"Pr\u00e4zise Diagnose elektronischer Systeme mit fortschrittlicher Ausr\u00fcstung. Schnelle Fehlererkennung und effiziente Fehlersuche. Besuchen Sie uns!","breadcrumb":{"@id":"https:\/\/www.truckmaster.lt\/de\/lkw-waschanlage\/#breadcrumb"},"inLanguage":"de","potentialAction":[{"@type":"ReadAction","target":["https:\/\/www.truckmaster.lt\/de\/lkw-waschanlage\/"]}]},{"@type":"BreadcrumbList","@id":"https:\/\/www.truckmaster.lt\/de\/lkw-waschanlage\/#breadcrumb","itemListElement":[{"@type":"ListItem","position":1,"name":"Home","item":"https:\/\/www.truckmaster.lt\/de\/"},{"@type":"ListItem","position":2,"name":"LKW Waschanlage"}]},{"@type":"WebSite","@id":"https:\/\/www.truckmaster.lt\/de\/#website","url":"https:\/\/www.truckmaster.lt\/de\/","name":"Truck Master","description":"LKW service","publisher":{"@id":"https:\/\/www.truckmaster.lt\/de\/#organization"},"potentialAction":[{"@type":"SearchAction","target":{"@type":"EntryPoint","urlTemplate":"https:\/\/www.truckmaster.lt\/de\/?s={search_term_string}"},"query-input":{"@type":"PropertyValueSpecification","valueRequired":true,"valueName":"search_term_string"}}],"inLanguage":"de"},{"@type":"Organization","@id":"https:\/\/www.truckmaster.lt\/de\/#organization","name":"Truck Master","url":"https:\/\/www.truckmaster.lt\/de\/","logo":{"@type":"ImageObject","inLanguage":"de","@id":"https:\/\/www.truckmaster.lt\/de\/#\/schema\/logo\/image\/","url":"https:\/\/www.truckmaster.lt\/wp-content\/uploads\/2024\/10\/cropped-TruckMaster_Logo.png","contentUrl":"https:\/\/www.truckmaster.lt\/wp-content\/uploads\/2024\/10\/cropped-TruckMaster_Logo.png","width":308,"height":68,"caption":"Truck Master"},"image":{"@id":"https:\/\/www.truckmaster.lt\/de\/#\/schema\/logo\/image\/"},"sameAs":["https:\/\/www.facebook.com\/truckmaster.lt"]}]}},"_links":{"self":[{"href":"https:\/\/www.truckmaster.lt\/de\/wp-json\/wp\/v2\/pages\/914","targetHints":{"allow":["GET"]}}],"collection":[{"href":"https:\/\/www.truckmaster.lt\/de\/wp-json\/wp\/v2\/pages"}],"about":[{"href":"https:\/\/www.truckmaster.lt\/de\/wp-json\/wp\/v2\/types\/page"}],"author":[{"embeddable":true,"href":"https:\/\/www.truckmaster.lt\/de\/wp-json\/wp\/v2\/users\/2"}],"replies":[{"embeddable":true,"href":"https:\/\/www.truckmaster.lt\/de\/wp-json\/wp\/v2\/comments?post=914"}],"version-history":[{"count":1,"href":"https:\/\/www.truckmaster.lt\/de\/wp-json\/wp\/v2\/pages\/914\/revisions"}],"predecessor-version":[{"id":915,"href":"https:\/\/www.truckmaster.lt\/de\/wp-json\/wp\/v2\/pages\/914\/revisions\/915"}],"wp:attachment":[{"href":"https:\/\/www.truckmaster.lt\/de\/wp-json\/wp\/v2\/media?parent=914"}],"curies":[{"name":"wp","href":"https:\/\/api.w.org\/{rel}","templated":true}]}}